{"id":509,"date":"2010-01-22T12:21:58","date_gmt":"2010-01-22T10:21:58","guid":{"rendered":"http:\/\/www.groupclubhandball.com\/?page_id=509"},"modified":"2024-09-06T09:00:23","modified_gmt":"2024-09-06T08:00:23","slug":"links","status":"publish","type":"page","link":"http:\/\/www.forumclubhandball.com\/?page_id=509","title":{"rendered":"INTERESTING: Articles on Handball\/Sports Politics"},"content":{"rendered":"<p><span style=\"text-decoration: underline;\"><strong>Here you find press articles on issues, being of interest for European Club sports &#8211; with an emphasis on handball:<\/strong><\/span><\/p>\n<p>6.9.24 https:\/\/www.handball-world.news\/artikel\/der-millionenschwere-plan-von-daikin-im-handball-998169<\/p>\n<p>https:\/\/www.handball-world.news\/artikel\/wegen-hoher-belastung-dhb-praesident-michelmann-sieht-reformbedarf-1048659<\/p>\n<p>1.2.23 https:\/\/iusport.com\/art\/121042\/la-audiencia-falla-contra-el-atletico-y-sevilla-por-el-iva-en-los-pagos-a-los-agentes?<\/p>\n<p>Key message:\u00a0\u2018The sums paid (to the agent) had to be attributed to the income of the \u2026 players\u2019 \u2026. \u2018these were freed from paying VAT (which is taxwise incorrect, of course)\u2019<\/p>\n<p>The article explains that clubs AND players act incorrectly, if the clubs pay the agents (and they are representing the player).<\/p>\n<p>FCH member clubs should try to understand these sentences\/the article and act correctly according to the new regulations of IHF: The players have to pay the agent, if the agent represents the player.<\/p>\n<p>REDACCI\u00d3N DE IUSPORTJueves, 08 de Diciembre de 2022<\/p>\n<p><strong>La Audiencia falla contra el Atl\u00e9tico y Sevilla por el IVA en los pagos a los agentes<\/strong><\/p>\n<p><strong>Nuevas sentencias de la Audiencia Nacional sobre el Sevilla y el Atl\u00e9tico de Madrid mantienen el criterio establecido desde 2019\u00a0sobre los pagos que realizaron el Real Madrid, FC Barcelona y Valencia CF a diferentes agentes, que tambi\u00e9n beneficiaron a los jugadores.<\/strong><\/p>\n<p>14.4.22:\u00a0Spannende Entwicklung im Handball: Der Weltverband IHF hat entschieden, dass die Spieler k\u00fcnftig ihre Berater selbst bezahlen m\u00fcssen. Wasser auf die M\u00fchlen der Kritiker am Berater-System im Profifu\u00dfball, wo ein Urteil in den Niederlanden eine Agentur zu einer Millionenzahlung an Inter-Star Stefan de Vrij zwingt. <a href=\"https:\/\/www.kicker.de\/898009\/artikel\/handball-reform-eine-idee-fuer-den-fussball\">https:\/\/www.kicker.de\/898009\/artikel\/handball-reform-eine-idee-fuer-den-fussball<\/a><\/p>\n<p>Same topic:<\/p>\n<p><a href=\"https:\/\/www.leathesprior.co.uk\/news\/de-vrij-wins-lawsuit-against-former-agent\">https:\/\/www.leathesprior.co.uk\/news\/de-vrij-wins-lawsuit-against-former-agent<\/a><\/p>\n<p>\u201cMy advice to other players, rely upon independent sports lawyers who only work for you\u201d<\/p>\n<p>7.4.22: EHF on Player&#8217;s agents:<\/p>\n<p><a href=\"https:\/\/www.eurohandball.com\/en\/news\/en\/ihf-amends-regulations-for-players-agents\/\">IHF amends \u201cRegulations for Players\u2019 Agents\u201d (eurohandball.com)<\/a><\/p>\n<p>1.4.22: <a href=\"http:\/\/www.asser.nl\/SportsLaw\/Blog\/post\/reactions-of-international-sport-organisations-to-the-russian-invasion-of-ukraine-an-overview-by-daniela-heerdt-and-guido-battaglia\">Reactions of International Sport Organisations to the Russian Invasion of Ukraine: An Overview &#8211; By Daniela Heerdt &amp; Guido Battaglia<\/a><\/p>\n","protected":false},"excerpt":{"rendered":"<p>Here you find press articles on issues, being of interest for European Club sports &#8211; with an emphasis on handball: 6.9.24 https:\/\/www.handball-world.news\/artikel\/der-millionenschwere-plan-von-daikin-im-handball-998169 https:\/\/www.handball-world.news\/artikel\/wegen-hoher-belastung-dhb-praesident-michelmann-sieht-reformbedarf-1048659 1.2.23 https:\/\/iusport.com\/art\/121042\/la-audiencia-falla-contra-el-atletico-y-sevilla-por-el-iva-en-los-pagos-a-los-agentes? Key message:\u00a0\u2018The sums paid (to the agent) had to be attributed to the income of the \u2026 players\u2019 \u2026. \u2018these were freed from paying VAT (which is taxwise incorrect, of [&hellip;]<\/p>\n","protected":false},"author":1,"featured_media":0,"parent":0,"menu_order":8,"comment_status":"open","ping_status":"open","template":"","meta":[],"_links":{"self":[{"href":"http:\/\/www.forumclubhandball.com\/index.php?rest_route=\/wp\/v2\/pages\/509"}],"collection":[{"href":"http:\/\/www.forumclubhandball.com\/index.php?rest_route=\/wp\/v2\/pages"}],"about":[{"href":"http:\/\/www.forumclubhandball.com\/index.php?rest_route=\/wp\/v2\/types\/page"}],"author":[{"embeddable":true,"href":"http:\/\/www.forumclubhandball.com\/index.php?rest_route=\/wp\/v2\/users\/1"}],"replies":[{"embeddable":true,"href":"http:\/\/www.forumclubhandball.com\/index.php?rest_route=%2Fwp%2Fv2%2Fcomments&post=509"}],"version-history":[{"count":154,"href":"http:\/\/www.forumclubhandball.com\/index.php?rest_route=\/wp\/v2\/pages\/509\/revisions"}],"predecessor-version":[{"id":2970,"href":"http:\/\/www.forumclubhandball.com\/index.php?rest_route=\/wp\/v2\/pages\/509\/revisions\/2970"}],"wp:attachment":[{"href":"http:\/\/www.forumclubhandball.com\/index.php?rest_route=%2Fwp%2Fv2%2Fmedia&parent=509"}],"curies":[{"name":"wp","href":"https:\/\/api.w.org\/{rel}","templated":true}]}}